

{"id":332,"date":"2018-12-12T04:21:19","date_gmt":"2018-12-12T04:21:19","guid":{"rendered":"http:\/\/demo.accesspressthemes.com\/store-mart\/demo-one\/?page_id=329"},"modified":"2022-07-18T09:33:37","modified_gmt":"2022-07-18T06:33:37","slug":"contact","status":"publish","type":"page","link":"https:\/\/veramobilya.com.tr\/index.php\/contact\/","title":{"rendered":"\u0130leti\u015fim"},"content":{"rendered":"<p>[vc_row css=&#8221;.vc_custom_1572353630640{margin-top: 30px !important;margin-bottom: 30px !important;}&#8221;][vc_column width=&#8221;1\/4&#8243; el_class=&#8221;stmart-contc-detls&#8221; offset=&#8221;vc_col-lg-1 vc_col-md-1 vc_hidden-md&#8221;][\/vc_column][vc_column el_class=&#8221;stmart-main-wrap&#8221; offset=&#8221;vc_col-lg-3 vc_col-md-4 vc_col-xs-12&#8243;][vc_empty_space height=&#8221;12px&#8221;][vc_column_text el_class=&#8221;stmart-contact-pg&#8221;]<\/p>\n<h3>\u0130LET\u0130\u015e\u0130ME GE\u00c7\u0130N!<\/h3>\n<p>\u00d6nder Mah. Yap\u0131c\u0131 Cad. No:8 Siteler &#8211; Alt\u0131nda\u011f\/Ankara<br \/>\n0312 348 70 50 &#8211; 0539 928 63 36<br \/>\n<a href=\"mailto:info@akmobilya.com\">info@veramobilya.com.tr<\/a><\/p>\n<p><strong>\u00c7al\u0131\u015fma Saatleri<\/strong><br \/>\nPazartesi \u2013 Cuma 08:30 \u2013 19:00<br \/>\nCumartesi 09:00 \u2013 19:30<br \/>\nPazar 12:00 \u2013 18:00[\/vc_column_text][\/vc_column][vc_column offset=&#8221;vc_col-lg-7 vc_col-md-8 vc_col-xs-12&#8243;][vc_raw_html]JTVCdWZiJTIwZm9ybV9pZCUzRCUyMjElMjIlNUQ=[\/vc_raw_html][\/vc_column][vc_column width=&#8221;1\/4&#8243; offset=&#8221;vc_col-lg-1 vc_col-md-1 vc_hidden-md&#8221;][\/vc_column][\/vc_row][vc_row full_width=&#8221;stretch_row_content&#8221; css=&#8221;.vc_custom_1572353708407{margin-bottom: 0px !important;}&#8221;][vc_column css=&#8221;.vc_custom_1543562580111{padding-top: 0px !important;padding-right: 0px !important;padding-bottom: 0px !important;padding-left: 0px !important;}&#8221;][vc_gmaps link=&#8221;#E-8_JTNDaWZyYW1lJTIwc3JjJTNEJTIyaHR0cHMlM0ElMkYlMkZ3d3cuZ29vZ2xlLmNvbSUyRm1hcHMlMkZlbWJlZCUzRnBiJTNEJTIxMW0xNCUyMTFtOCUyMTFtMyUyMTFkMTIyMzMuOTM4Mzc4NDQxOTQ0JTIxMmQzMi45MTAzMDMlMjEzZDM5Ljk1MjkxNyUyMTNtMiUyMTFpMTAyNCUyMTJpNzY4JTIxNGYxMy4xJTIxM20zJTIxMW0yJTIxMXMweDAlMjUzQTB4ZmQyOTgyY2FjNWEzYmE3NCUyMTJ6Vm1WeVlTQk5iMkpwYkhsaElDMGdRVzVyWVhKaElFdHZiSFIxYXlCVVlXdkVzVzNFc1N3Z1dXVnRaV3NnVDJSaGM4U3hMQ0JFdzd6RW44TzhiaUJRWVd0bGRHayUyMTVlMCUyMTNtMiUyMTFzdHIlMjEyc3RyJTIxNHYxNTc4OTAzMjY0MjgyJTIxNW0yJTIxMXN0ciUyMTJzdHIlMjIlMjB3aWR0aCUzRCUyMjYwMCUyMiUyMGhlaWdodCUzRCUyMjQ1MCUyMiUyMGZyYW1lYm9yZGVyJTNEJTIyMCUyMiUyMHN0eWxlJTNEJTIyYm9yZGVyJTNBMCUzQiUyMiUyMGFsbG93ZnVsbHNjcmVlbiUzRCUyMiUyMiUzRSUzQyUyRmlmcmFtZSUzRQ==&#8221; css=&#8221;.vc_custom_1578903312776{margin-top: -5px !important;margin-bottom: -5px !important;padding-top: 0px !important;padding-right: 0px !important;padding-bottom: 0px !important;padding-left: 0px !important;}&#8221;][\/vc_column][\/vc_row]<\/p>\n","protected":false},"excerpt":{"rendered":"<p>[vc_row css=&#8221;.vc_custom_1572353630640{margin-top: 30px !important;margin-bottom: 30px !important;}&#8221;][vc_column width=&#8221;1\/4&#8243; el_class=&#8221;stmart-contc-detls&#8221; offset=&#8221;vc_col-lg-1 vc_col-md-1 vc_hidden-md&#8221;][\/vc_column][vc_column el_class=&#8221;stmart-main-wrap&#8221; offset=&#8221;vc_col-lg-3 vc_col-md-4 vc_col-xs-12&#8243;][vc_empty_space height=&#8221;12px&#8221;][vc_column_text el_class=&#8221;stmart-contact-pg&#8221;] \u0130LET\u0130\u015e\u0130ME GE\u00c7\u0130N! \u00d6nder Mah. Yap\u0131c\u0131 Cad. No:8 Siteler &#8211; Alt\u0131nda\u011f\/Ankara 0312 348 70 50 &#8211; 0539 928 63 36 info@veramobilya.com.tr \u00c7al\u0131\u015fma Saatleri Pazartesi \u2013 Cuma 08:30 \u2013 19:00 Cumartesi 09:00 \u2013 19:30 Pazar 12:00 \u2013 18:00[\/vc_column_text][\/vc_column][vc_column offset=&#8221;vc_col-lg-7 vc_col-md-8 [&hellip;]<\/p>\n","protected":false},"author":1,"featured_media":0,"parent":0,"menu_order":0,"comment_status":"closed","ping_status":"closed","template":"templates\/vc-template.php","meta":[],"_links":{"self":[{"href":"https:\/\/veramobilya.com.tr\/index.php\/wp-json\/wp\/v2\/pages\/332"}],"collection":[{"href":"https:\/\/veramobilya.com.tr\/index.php\/wp-json\/wp\/v2\/pages"}],"about":[{"href":"https:\/\/veramobilya.com.tr\/index.php\/wp-json\/wp\/v2\/types\/page"}],"author":[{"embeddable":true,"href":"https:\/\/veramobilya.com.tr\/index.php\/wp-json\/wp\/v2\/users\/1"}],"replies":[{"embeddable":true,"href":"https:\/\/veramobilya.com.tr\/index.php\/wp-json\/wp\/v2\/comments?post=332"}],"version-history":[{"count":1,"href":"https:\/\/veramobilya.com.tr\/index.php\/wp-json\/wp\/v2\/pages\/332\/revisions"}],"predecessor-version":[{"id":119327,"href":"https:\/\/veramobilya.com.tr\/index.php\/wp-json\/wp\/v2\/pages\/332\/revisions\/119327"}],"wp:attachment":[{"href":"https:\/\/veramobilya.com.tr\/index.php\/wp-json\/wp\/v2\/media?parent=332"}],"curies":[{"name":"wp","href":"https:\/\/api.w.org\/{rel}","templated":true}]}}