

{"id":68217,"date":"2021-10-12T16:43:17","date_gmt":"2021-10-12T13:43:17","guid":{"rendered":"https:\/\/veramobilya.com.tr\/?page_id=68217"},"modified":"2021-10-12T16:43:17","modified_gmt":"2021-10-12T13:43:17","slug":"mesafeli-satis-sozlesmesi","status":"publish","type":"page","link":"https:\/\/veramobilya.com.tr\/index.php\/mesafeli-satis-sozlesmesi\/","title":{"rendered":"Mesafeli Sat\u0131\u015f S\u00f6zle\u015fmesi"},"content":{"rendered":"<p class=\"p1\"><strong><span class=\"s1\">MESAFEL\u0130 SATI\u015e S\u00d6ZLE\u015eMES\u0130 MADDE 1- TARAFLAR<\/span><\/strong><\/p>\n<p>SATICI<\/p>\n<p class=\"p1\"><span class=\"s1\">Ticari \u00dcnvan\u0131 : VERA MOB\u0130LYA<\/span><\/p>\n<p class=\"p1\">Adresi : \u00d6nder Mah. Demirhendek Cd. No:169 Siteler \u2013 Alt\u0131nda\u011f\/Ankara<\/p>\n<p class=\"p1\"><span class=\"s1\">Telefon : 0312 348 70 50 \u2013 0543 616 82 20<br \/>\n<\/span><\/p>\n<p class=\"p1\"><span class=\"s1\">E-mail : info@veramobilya.com.tr<\/span><\/p>\n<p class=\"p1\"><strong><span class=\"s1\">ALICI<\/span><\/strong><\/p>\n<p class=\"p1\"><strong><span class=\"s1\">Ad\u0131 Soyad\u0131 :<\/span><\/strong><\/p>\n<p class=\"p1\"><strong><span class=\"s1\">Adresi :<\/span><\/strong><\/p>\n<p class=\"p1\"><strong><span class=\"s1\">Telefon :<\/span><\/strong><\/p>\n<p class=\"p1\"><strong><span class=\"s1\">E-mail :<\/span><\/strong><\/p>\n<p class=\"p1\"><strong><span class=\"s1\">MADDE 2-S\u00d6ZLE\u015eMEN\u0130N KONUSU ve KAPSAMI<\/span><\/strong><\/p>\n<p class=\"p1\"><span class=\"s1\">Vera Mobilya&#8217;ya ait www.veramobilya.com.tr veya sunulan hizmete ba\u011fl\u0131 diler alan adlar\u0131 \u00fczerinden (\u201cWebsitesi\u201d), Sat\u0131c\u0131ya ait \u00fcr\u00fcnlerin sat\u0131n al\u0131nmas\u0131na y\u00f6nelik elektronik olarak sipari\u015f verdi\u011fi, s\u00f6zle\u015fmede belirtilen niteliklere sahip mal\/hizmetin sat\u0131\u015f\u0131 ve teslimi ile ilgili olarak T\u00fcketicinin Korunmas\u0131 Hakk\u0131ndaki Kanun ve Mesafeli S\u00f6zle\u015fmelere Dair Y\u00f6netmelik h\u00fck\u00fcmleri gere\u011fince taraflar\u0131n hak ve y\u00fck\u00fcml\u00fcl\u00fcklerinin saptanmas\u0131 olu\u015fturur.<\/span><\/p>\n<p class=\"p1\"><span class=\"s1\">Vera Mobilya&#8217;n\u0131n herhangi bir \u015fekilde taraf olmad\u0131\u011f\u0131n\u0131 ve S\u00f6zle\u015fme kapsam\u0131nda taraflar\u0131n y\u00fck\u00fcml\u00fcl\u00fcklerini yerine getirmeleri ile ilgili herhangi bir sorumluluk ve taahh\u00fcd\u00fc bulunmad\u0131\u011f\u0131n\u0131 kabul ve beyan ederler.<\/span><\/p>\n<p class=\"p1\"><strong><span class=\"s1\">MADDE 3 \u2013 S\u00d6ZLE\u015eME KONUSU MALIN TEMEL N\u0130TEL\u0130KLER\u0130 VE BEDEL\u0130<\/span><\/strong><\/p>\n<p class=\"p1\"><span class=\"s1\">\u00dcr\u00fcn\/\u00dcr\u00fcnlerin cinsi ve t\u00fcr\u00fc, miktar\u0131, marka\/modeli, rengi ve vergiler dahil sat\u0131\u015f bedeli ve teslimat bilgileri a\u015fa\u011f\u0131daki gibidir:\u00d6deme \u015eekli ve Plan\u0131: \u00c7evirim i\u00e7i sanal POS uygulamas\u0131 \u00fczerinden \u2026\u2026\u2026.Bankas\u0131 kredi kart\u0131 ile \u2026. ay \u2026. (yaz\u0131yla \u2026\u2026\u2026\u2026\u2026\u2026\u2026\u2026\u2026\u2026\u2026\u2026\u2026\u2026\u2026.) TL ayl\u0131k \u00f6deme \/ pe\u015fin \u2026\u2026\u2026.. TL \u00f6deme<\/span><\/p>\n<p class=\"p1\"><span class=\"s1\">Al\u0131nan Vade Fark\u0131: \u2026\u2026.<\/span><\/p>\n<p class=\"p1\"><span class=\"s1\">Vade Fark\u0131 hesab\u0131nda kullan\u0131lan faiz oran\u0131: % \u2026<\/span><\/p>\n<p class=\"p1\"><span class=\"s1\">Sipari\u015fi takip eden 3 i\u015f g\u00fcn\u00fc i\u00e7inde sevkiyatlara ba\u015flanacakt\u0131r. Sevkiyat, (7) i\u015f g\u00fcn\u00fc i\u00e7inde tamamlanacakt\u0131r.<\/span><\/p>\n<p class=\"p1\"><strong><span class=\"s1\">Teslimat Adresi:<\/span><\/strong><\/p>\n<p class=\"p1\"><span class=\"s1\">Teslim Edilecek Ki\u015filer:<\/span><\/p>\n<p class=\"p1\"><span class=\"s1\">1.2.Fatura Adresi:<\/span><\/p>\n<p class=\"p1\"><strong><span class=\"s1\">MADDE 4 \u2013 MALIN TESL\u0130M\u0130 VE TESL\u0130M \u015eEKL\u0130<\/span><\/strong><\/p>\n<p class=\"p1\"><span class=\"s1\">S\u00f6zle\u015fme Al\u0131c\u0131 taraf\u0131ndan onaylanmakla y\u00fcr\u00fcrl\u00fc\u011fe girmi\u015f olup, Al\u0131c\u0131\u2019n\u0131n Sat\u0131c\u0131\u2019dan sat\u0131n alm\u0131\u015f oldu\u011fu Mal\/Hizmet\u2019in Al\u0131c\u0131\u2019ya teslim edilmesiyle ifa edilmi\u015f olur. Mal\/hizmet, Al\u0131c\u0131\u2019n\u0131n sipari\u015f formunda ve i\u015fbu s\u00f6zle\u015fmede belirtmi\u015f oldu\u011fu adreste bulunan ki\u015fi\/ki\u015filere teslim edilecektir.<\/span><\/p>\n<p class=\"p1\"><strong><span class=\"s1\">MADDE 5 \u2013 TESL\u0130MAT MASRAFLARI VE \u0130FASI<\/span><\/strong><\/p>\n<p class=\"p1\"><span class=\"s1\">Mal\/Hizmet\u2019in teslimat masraflar\u0131 Al\u0131c\u0131\u2019ya aittir. Sat\u0131c\u0131\u2019n\u0131n, websitesinde teslimat \u00fccretinin kendisince kar\u015f\u0131lanaca\u011f\u0131n\u0131 beyan etmi\u015fse, teslimat masraflar\u0131 Sat\u0131c\u0131\u2019ya ait olacakt\u0131r.<\/span><\/p>\n<p class=\"p1\"><span class=\"s1\">Mal\u0131n teslimat\u0131; Sat\u0131c\u0131\u2019n\u0131n stokunun m\u00fcsait olmas\u0131 ve \u00f6demenin ger\u00e7ekle\u015fmesinden sonra taahh\u00fct edilen s\u00fcrede yap\u0131l\u0131r. Sat\u0131c\u0131 Mal\/Hizmet\u2019i, Al\u0131c\u0131 taraf\u0131ndan Mal\/Hizmet\u2019in sipari\u015f edilmesinden itibaren 30 (otuz) g\u00fcn i\u00e7inde teslim eder ve bu s\u00fcre i\u00e7inde yaz\u0131l\u0131 bildirimle ek 10 (on) g\u00fcnl\u00fck s\u00fcre uzat\u0131m hakk\u0131n\u0131 sakl\u0131 tutar. Herhangi bir nedenle A\u0131c\u0131 taraf\u0131ndan Mal\/Hizmet bedeli \u00f6denmez veya yap\u0131lan \u00f6deme banka kay\u0131tlar\u0131nda iptal edilir ise, Sat\u0131c\u0131 Mal\/Hizmet\u2019in teslimi y\u00fck\u00fcml\u00fcl\u00fc\u011f\u00fcnden kurtulmu\u015f kabul edilir.<\/span><\/p>\n<p class=\"p1\"><strong><span class=\"s1\">MADDE 6 \u2013 ALICININ BEYAN VE TAAHH\u00dcTLER\u0130<\/span><\/strong><\/p>\n<p class=\"p1\"><span class=\"s1\">Al\u0131c\u0131, Websitesinde yer alan s\u00f6zle\u015fme konusu \u00fcr\u00fcn\u00fcn temel nitelikleri, sat\u0131\u015f fiyat\u0131 ve \u00f6deme \u015fekli ile teslimata ili\u015fkin olarak Sat\u0131c\u0131 taraf\u0131ndan y\u00fcklenen \u00f6n bilgileri okuyup bilgi sahibi oldu\u011funu ve elektronik ortamda gerekli teyidi verdi\u011fini beyan eder. Al\u0131c\u0131lar T\u00fcketici s\u0131fat\u0131yla talep ve \u015fikayetlerini yukar\u0131da yer alan Sat\u0131c\u0131 ileti\u015fim bilgilerinin sa\u011flad\u0131\u011f\u0131 kanallarla ula\u015ft\u0131rabilirler.Al\u0131c\u0131, i\u015fbu S\u00f6zle\u015fme\u2019yi ve \u00d6n Bilgilendirme Formunu elektronik ortamda teyit etmekle, mesafeli s\u00f6zle\u015fmelerin akdinden \u00f6nce Sat\u0131c\u0131 taraf\u0131ndan t\u00fcketiciye verilmesi gereken adres, sipari\u015fi verilen \u00fcr\u00fcnlere ait temel \u00f6zellikler, \u00fcr\u00fcnlerin vergiler dahil fiyat\u0131, \u00f6deme ve teslimat bilgilerini de do\u011fru ve eksiksiz olarak edindi\u011fini teyit etmi\u015f olur.Al\u0131c\u0131\u2019n\u0131n, S\u00f6zle\u015fme konusu Mal\/Hizmet\u2019i teslim almadan \u00f6nce muayene edecek tahrip olmu\u015f, k\u0131r\u0131k, ambalaj\u0131 y\u0131rt\u0131lm\u0131\u015f vb. hasarl\u0131 ve ay\u0131pl\u0131 Mal\/Hizmeti kargo \u015firketinden teslim almas\u0131 halinde sorumluluk tamamen kendisine aittir. Al\u0131c\u0131 taraf\u0131ndan kargo \u015firketi g\u00f6revlisinden teslim al\u0131nan Mal\/Hizmet\u2019in hasars\u0131z ve sa\u011flam oldu\u011fu kabul edilecektir. Teslimden sonra Mal\/Hizmet\u2019in sorumlulu\u011fu ve hasarlar Al\u0131c\u0131\u2019ya aittir. Mal\/Hizmet\u2019in tesliminden sonra Al\u0131c\u0131\u2019ya ait kredi kart\u0131n\u0131n Al\u0131c\u0131\u2019n\u0131n kusurundan kaynaklanmayan bir \u015fekilde yetkisiz ki\u015filerce haks\u0131z veya hukuka ayk\u0131r\u0131 olarak kullan\u0131lmas\u0131 nedeni ile ilgili banka veya finans kurulu\u015funun mal\/hizmet bedelini Sat\u0131c\u0131\u2019ya \u00f6dememesi halinde, Al\u0131c\u0131 kendisine teslim edilmi\u015f olmas\u0131 kayd\u0131yla Mal\/Hizmet\u2019i 3 (\u00fc\u00e7) g\u00fcn i\u00e7inde Sat\u0131c\u0131\u2019ya iade etmekle y\u00fck\u00fcml\u00fcd\u00fcr. Bu halde teslimat giderleri Al\u0131c\u0131\u2019ya aittir.<\/span><\/p>\n<p class=\"p1\"><strong><span class=\"s1\">MADDE 7 \u2013 SATICININ BEYAN VE TAAHH\u00dcTLER\u0130<\/span><\/strong><\/p>\n<p class=\"p1\"><span class=\"s1\">Sat\u0131c\u0131, S\u00f6zle\u015fme konusu Mal\/Hizmet\u2019in T\u00fcketici Mevzuat\u0131na uygun olarak, sa\u011flam, eksiksiz, sipari\u015fte belirtilen niteliklere uygun ve varsa garanti belgeleri ve kullan\u0131m k\u0131lavuzlar\u0131 ile Al\u0131c\u0131\u2019ya teslim edilmesinden sorumludur. Sat\u0131c\u0131, m\u00fccbir sebepler veya nakliyeyi engelleyen ola\u011fan\u00fcst\u00fc durumlar nedeni ile s\u00f6zle\u015fme konusu \u00fcr\u00fcn\u00fc s\u00fcresi i\u00e7inde teslim edemez ise, durumu Al\u0131c\u0131\u2019ya m\u00fcmk\u00fcn olan en k\u0131sa s\u00fcrede bildirmekle y\u00fck\u00fcml\u00fcd\u00fcr S\u00f6zle\u015fme konusu Mal\/Hizmet, Al\u0131c\u0131\u2019dan ba\u015fka bir ki\u015fiye teslim edilecek ise, teslim edilecek ki\u015finin teslimat\u0131 kabul etmemesinden Sat\u0131c\u0131 sorumlu tutulamaz.<\/span><\/p>\n<p class=\"p1\"><strong><span class=\"s1\">MADDE 8 \u2013 CAYMA HAKKI<\/span><\/strong><\/p>\n<p class=\"p1\"><span class=\"s1\">Al\u0131c\u0131\u2019n\u0131n hi\u00e7bir hukuki ve cezai sorumluluk \u00fcstlenmeksizin ve hi\u00e7bir gerek\u00e7e g\u00f6stermeksizin teslim ald\u0131\u011f\u0131 veya s\u00f6zle\u015fmenin imzaland\u0131\u011f\u0131 tarihten itibaren 7 (yedi) g\u00fcn i\u00e7erisinde mal\u0131 veya hizmeti reddederek s\u00f6zle\u015fmeden cayma hakk\u0131n\u0131n var oldu\u011funu ve cayma bildiriminin Sat\u0131c\u0131\u2019ya ula\u015fmas\u0131 tarihinden itibaren Sat\u0131c\u0131\u2019n\u0131n mal\u0131 geri alaca\u011f\u0131n\u0131 Sat\u0131c\u0131 taahh\u00fct eder. Cayma hakk\u0131 bildirimi ve s\u00f6zle\u015fmeye ili\u015fkin sair bildirimler sat\u0131c\u0131ya ait ve yukar\u0131da belirtilen sat\u0131c\u0131 ileti\u015fim bilgileri kanal\u0131 ile g\u00f6nderilebilecektir.<\/span><\/p>\n<p class=\"p1\"><span class=\"s1\">VERA MOB\u0130LYA ANKARA , \u0130\u015eBU MESAFEL\u0130 SATI\u015e S\u00d6ZLE\u015eMES\u0130N\u0130N TARAFI OLMADI\u011eINDAN VERA MOB\u0130LYA&#8217;YA KAR\u015eI CAYMA HAKKI KULLANILAMAZ VEYA BEDEL \u0130ADES\u0130 TALEP ED\u0130LEMEZ.<\/span><\/p>\n<p class=\"p1\"><span class=\"s1\">Cayma hakk\u0131n\u0131n kullan\u0131lmas\u0131 i\u00e7in bu s\u00fcre i\u00e7erisinde Sat\u0131c\u0131\u2019ya mevzuat h\u00fck\u00fcmlerine uygun olarak bildirimde bulunulmas\u0131 \u015fartt\u0131r. Cayma hakk\u0131n\u0131n kullan\u0131lmas\u0131 halinde:<\/span><\/p>\n<p class=\"p1\"><span class=\"s1\"><strong>a)<\/strong>\u00a0Al\u0131c\u0131\u2019ya veya onun bildirdi\u011fi yukar\u0131da bilgisi bulunan \u00fc\u00e7\u00fcnc\u00fc ki\u015fiye teslim edilen \u00fcr\u00fcn\u00fcn iade edilmesi zorunludur.<\/span><\/p>\n<p class=\"p1\"><span class=\"s1\"><strong>b)<\/strong>\u00a07 (yedi) g\u00fcnl\u00fck s\u00fcre i\u00e7erisinde iade edilecek \u00fcr\u00fcnlerin kutusu, ambalaj\u0131, varsa standart aksesuarlar\u0131 varsa \u00fcr\u00fcnle birlikte hediye edilen di\u011fer \u00fcr\u00fcnleri eksiksiz ve hasars\u0131z olarak teslim edilmesi gerekmektedir.<\/span><\/p>\n<p class=\"p1\"><span class=\"s1\">Cayma hakk\u0131n\u0131n kullan\u0131lmas\u0131n\u0131 ve bilginin ula\u015f\u0131m\u0131n\u0131 takip eden 10 (on) g\u00fcn i\u00e7erisinde \u00fcr\u00fcn bedeli Al\u0131c\u0131\u2019ya \u00f6dedi\u011fi \u015fekilde iade edilir. \u00dcr\u00fcn Sat\u0131c\u0131\u2019ya iade edilirken, \u00fcr\u00fcn teslimi s\u0131ras\u0131nda Al\u0131c\u0131\u2019ya ibraz edilmi\u015f olan orijinal faturan\u0131n da iade edilmesi gerekmektedir. \u0130ade kargo bedeli Sat\u0131c\u0131\u2019ya aittir. \u00dcr\u00fcnle beraber iade edilecek olan faturan\u0131n iade b\u00f6l\u00fcm\u00fc doldurularak ve Al\u0131c\u0131 taraf\u0131ndan imzalanarak iade edilecektir.<\/span><\/p>\n<p class=\"p1\"><strong><span class=\"s1\">MADDE 9 \u2013 CAYMA HAKKININ KULLANILAMAYACA\u011eI HALLER<\/span><\/strong><\/p>\n<p class=\"p1\"><span class=\"s1\">Cayma hakk\u0131 a\u015fa\u011f\u0131daki hallerde kullan\u0131lamaz:<\/span><\/p>\n<ol>\n<li class=\"p1\"><span class=\"s1\">Cayma hakk\u0131 s\u00fcresi sona ermeden \u00f6nce, T\u00fcketicinin onay ile hizmetin ifas\u0131na ba\u015flanan hizmet s\u00f6zle\u015fmeleri<\/span><\/li>\n<li class=\"p1\"><span class=\"s1\">Fiyat\u0131 borsa veya te\u015fkilatlanm\u0131\u015f di\u011fer piyasalarda belirlenen mallara ili\u015fkin s\u00f6zle\u015fmeler<\/span><\/li>\n<li class=\"p1\"><span class=\"s1\">T\u00fcketicinin istekleri veya a\u00e7\u0131k\u00e7a onun ki\u015fisel ihtiya\u00e7lar\u0131 do\u011frultusunda haz\u0131rlanan, niteli\u011fi itibariyle geri g\u00f6nderilmeye elveri\u015fli olmayan ve \u00e7abuk bozulma tehlikesi olan veya son kullanma tarihi ge\u00e7me ihtimali olan mallar\u0131n teslimine ili\u015fkin s\u00f6zle\u015fmelerde<\/span><\/li>\n<li class=\"p1\"><span class=\"s1\">T\u00fcketici taraf\u0131ndan ambalaj\u0131n\u0131n a\u00e7\u0131lm\u0131\u015f olmas\u0131 \u015fart\u0131yla, ses veya g\u00f6r\u00fcnt\u00fc kay\u0131tlar\u0131na, yaz\u0131l\u0131m programlar\u0131na ve bilgisayar sarf malzemelerine ili\u015fkin s\u00f6zle\u015fmeler<\/span><\/li>\n<li class=\"p1\"><span class=\"s1\">Gazete, dergi gibi s\u00fcreli yay\u0131nlar\u0131n teslimine ili\u015fkin s\u00f6zle\u015fmeler<\/span><\/li>\n<li class=\"p1\"><span class=\"s1\">Bahis ve piyangoya ili\u015fkin hizmetlerin ifas\u0131na ili\u015fkin s\u00f6zle\u015fmeler<\/span><\/li>\n<li class=\"p1\"><span class=\"s1\">Elektronik ortamda an\u0131nda ifa edilen hizmetler ile t\u00fcketiciye an\u0131nda teslim edilen gayri maddi mallara ili\u015fkin s\u00f6zle\u015fmeler.<\/span><\/li>\n<\/ol>\n<p class=\"p1\"><strong><span class=\"s1\">MADDE 10 \u2013 UYU\u015eMAZLIKLARIN \u00c7\u00d6Z\u00dcM\u00dc<\/span><\/strong><\/p>\n<p class=\"p2\"><span class=\"s1\">T\u00fcketiciler, Sat\u0131c\u0131 ile sorunlar\u0131 olursa, sorunu Sat\u0131c\u0131\u2019n\u0131n \u00e7\u00f6zememesi durumunda, \u00fcr\u00fcn bedeli 1.161,67 TL\u2019ye kadar olan i\u015flemlerle ilgili \u015fikayet ve itiraz konular\u0131nda ba\u015fvurular\u0131n\u0131 \u00fcr\u00fcn\u00fc sat\u0131n ald\u0131klar\u0131 veya ikametgahlar\u0131n\u0131n bulundu\u011fu yerdeki T\u00fcketici Sorunlar\u0131 Hakem Heyeti\u2019ne; \u00fcr\u00fcn bedeli 1.161,67 TL\u2019nin \u00fczerinde olan i\u015flemlerle ilgili \u015fikayet ve itiraz konular\u0131nda ba\u015fvurular\u0131n\u0131 ise, \u00fcr\u00fcn\u00fc sat\u0131n ald\u0131klar\u0131 veya ikametgahlar\u0131n\u0131n bulundu\u011fu yerdeki T\u00fcketici mahkemesine yapabileceklerdir.01.08.2003 tarihli ve 25186 say\u0131l\u0131 Resmi Gazete\u2019de yay\u0131mlanan T\u00fcketici Sorunlar\u0131 Hakem Heyetleri Y\u00f6netmeli\u011fi\u2019nin 5. Maddesinin \u00fc\u00e7\u00fcnc\u00fc f\u0131kras\u0131nda, b\u00fcy\u00fck\u015fehir stat\u00fcs\u00fcnde bulunan illerde faaliyet g\u00f6steren il hakem heyetlerinin uyu\u015fmazl\u0131klara bakmakla g\u00f6revli ve yetkili olmalar\u0131na ili\u015fkin alt parasal s\u0131n\u0131r 3.032,65 TL\u2019dir.<\/span><\/p>\n<p class=\"p1\"><strong><span class=\"s1\">MADDE 11 \u2013 MAL\/H\u0130ZMET\u0130N F\u0130YATI<\/span><\/strong><\/p>\n<p class=\"p1\"><span class=\"s1\">Vera Mobilya taraf\u0131ndan yap\u0131lan indirimler, kuponlar ve sair sat\u0131\u015f fiyat\u0131na yans\u0131t\u0131l\u0131r.<\/span><\/p>\n<p class=\"p1\"><strong><span class=\"s1\">MADDE 12 \u2013 TEMERR\u00dcD HAL\u0130 VE HUKUK\u0130 SONU\u00c7LARI<\/span><\/strong><\/p>\n<p class=\"p1\"><span class=\"s1\">Al\u0131c\u0131, kredi kart\u0131 ile yapm\u0131\u015f oldu\u011fu i\u015flemlerinde temerr\u00fcde d\u00fc\u015fmesi halinde kart sahibi bankan\u0131n kendisi ile yapm\u0131\u015f oldu\u011fu kredi kart\u0131 s\u00f6zle\u015fmesi \u00e7er\u00e7evesinde faiz \u00f6deyecek ve bankaya kar\u015f\u0131 sorumlu olacakt\u0131r. Bu durumda ilgili banka hukuki yollara ba\u015fvurabilir; do\u011facak masraflar\u0131 ve vek\u00e2let \u00fccretini Al\u0131c\u0131\u2019dan talep edebilir ve her ko\u015fulda Al\u0131c\u0131\u2019n\u0131n borcundan dolay\u0131 temerr\u00fcde d\u00fc\u015fmesi halinde, Al\u0131c\u0131, borcun gecikmeli ifas\u0131ndan dolay\u0131 Sat\u0131c\u0131\u2019n\u0131n olu\u015fan zarar ve ziyan\u0131n\u0131 \u00f6demeyi kabul eder.<\/span><\/p>\n<p class=\"p1\"><strong><span class=\"s1\">MADDE 13 \u2013 B\u0130LD\u0130R\u0130MLER ve DEL\u0130L S\u00d6ZLE\u015eMES\u0130<\/span><\/strong><\/p>\n<p class=\"p1\"><span class=\"s1\">Vera Mobilya&#8217;n\u0131n resmi defter ve ticari kay\u0131tlar\u0131yla, kendi veritaban\u0131nda, sunucular\u0131nda tuttu\u011fu elektronik bilgilerin ve bilgisayar kay\u0131tlar\u0131n\u0131n, ba\u011flay\u0131c\u0131, kesin ve m\u00fcnhas\u0131r delil te\u015fkil edece\u011fini, bu maddenin Hukuk Muhakemeleri Kanunu\u2019nun 193. maddesi anlam\u0131nda delil s\u00f6zle\u015fmesi niteli\u011finde oldu\u011funu kabul, beyan ve taahh\u00fct eder.<\/span><\/p>\n<p class=\"p1\"><strong><span class=\"s1\">MADDE 14 \u2013 Y\u00dcR\u00dcRL\u00dcK<\/span><\/strong><\/p>\n<p class=\"p1\"><span class=\"s1\">14 (on d\u00f6rt) maddeden ibaret bu S\u00f6zle\u015fme, Taraflarca okunarak, Al\u0131c\u0131 taraf\u0131ndan elektronik ortamda onaylanmak suretiyle akdedilmi\u015f ve derhal y\u00fcr\u00fcrl\u00fc\u011fe girmi\u015ftir.<\/span><\/p>\n<p class=\"p1\"><span class=\"s1\">SATICI<\/span><\/p>\n<p class=\"p1\"><span class=\"s1\">ALICI<\/span><\/p>\n","protected":false},"excerpt":{"rendered":"<p>MESAFEL\u0130 SATI\u015e S\u00d6ZLE\u015eMES\u0130 MADDE 1- TARAFLAR SATICI Ticari \u00dcnvan\u0131 : VERA MOB\u0130LYA Adresi : \u00d6nder Mah. Demirhendek Cd. No:169 Siteler \u2013 Alt\u0131nda\u011f\/Ankara Telefon : 0312 348 70 50 \u2013 0543 616 82 20 E-mail : info@veramobilya.com.tr ALICI Ad\u0131 Soyad\u0131 : Adresi : Telefon : E-mail : MADDE 2-S\u00d6ZLE\u015eMEN\u0130N KONUSU ve KAPSAMI Vera Mobilya&#8217;ya ait www.veramobilya.com.tr [&hellip;]<\/p>\n","protected":false},"author":1,"featured_media":0,"parent":0,"menu_order":0,"comment_status":"closed","ping_status":"closed","template":"","meta":[],"_links":{"self":[{"href":"https:\/\/veramobilya.com.tr\/index.php\/wp-json\/wp\/v2\/pages\/68217"}],"collection":[{"href":"https:\/\/veramobilya.com.tr\/index.php\/wp-json\/wp\/v2\/pages"}],"about":[{"href":"https:\/\/veramobilya.com.tr\/index.php\/wp-json\/wp\/v2\/types\/page"}],"author":[{"embeddable":true,"href":"https:\/\/veramobilya.com.tr\/index.php\/wp-json\/wp\/v2\/users\/1"}],"replies":[{"embeddable":true,"href":"https:\/\/veramobilya.com.tr\/index.php\/wp-json\/wp\/v2\/comments?post=68217"}],"version-history":[{"count":1,"href":"https:\/\/veramobilya.com.tr\/index.php\/wp-json\/wp\/v2\/pages\/68217\/revisions"}],"predecessor-version":[{"id":68220,"href":"https:\/\/veramobilya.com.tr\/index.php\/wp-json\/wp\/v2\/pages\/68217\/revisions\/68220"}],"wp:attachment":[{"href":"https:\/\/veramobilya.com.tr\/index.php\/wp-json\/wp\/v2\/media?parent=68217"}],"curies":[{"name":"wp","href":"https:\/\/api.w.org\/{rel}","templated":true}]}}