

{"id":149951,"date":"2023-05-01T09:35:55","date_gmt":"2023-05-01T06:35:55","guid":{"rendered":"https:\/\/veramobilya.com.tr\/?post_type=product&#038;p=149951"},"modified":"2025-06-24T15:55:54","modified_gmt":"2025-06-24T12:55:54","slug":"aspendos-tv-unitesi","status":"publish","type":"product","link":"https:\/\/veramobilya.com.tr\/index.php\/urun\/aspendos-tv-unitesi\/","title":{"rendered":"ASPENDOS TV \u00dcN\u0130TES\u0130"},"content":{"rendered":"","protected":false},"excerpt":{"rendered":"<p>TV \u00dcN\u0130TES\u0130 + PANO<\/p>\n","protected":false},"featured_media":150012,"comment_status":"open","ping_status":"closed","template":"","meta":[],"_links":{"self":[{"href":"https:\/\/veramobilya.com.tr\/index.php\/wp-json\/wp\/v2\/product\/149951"}],"collection":[{"href":"https:\/\/veramobilya.com.tr\/index.php\/wp-json\/wp\/v2\/product"}],"about":[{"href":"https:\/\/veramobilya.com.tr\/index.php\/wp-json\/wp\/v2\/types\/product"}],"replies":[{"embeddable":true,"href":"https:\/\/veramobilya.com.tr\/index.php\/wp-json\/wp\/v2\/comments?post=149951"}],"wp:featuredmedia":[{"embeddable":true,"href":"https:\/\/veramobilya.com.tr\/index.php\/wp-json\/wp\/v2\/media\/150012"}],"wp:attachment":[{"href":"https:\/\/veramobilya.com.tr\/index.php\/wp-json\/wp\/v2\/media?parent=149951"}],"curies":[{"name":"wp","href":"https:\/\/api.w.org\/{rel}","templated":true}]}}