

{"id":150440,"date":"2023-06-01T16:00:40","date_gmt":"2023-06-01T13:00:40","guid":{"rendered":"https:\/\/veramobilya.com.tr\/?post_type=product&#038;p=150440"},"modified":"2025-06-24T15:59:05","modified_gmt":"2025-06-24T12:59:05","slug":"art-life-tv-unitesi","status":"publish","type":"product","link":"https:\/\/veramobilya.com.tr\/index.php\/urun\/art-life-tv-unitesi\/","title":{"rendered":"ART L\u0130FE TV \u00dcN\u0130TES\u0130"},"content":{"rendered":"","protected":false},"excerpt":{"rendered":"<p>TV \u00dcN\u0130TES\u0130 VE PANOSU<\/p>\n<p>&nbsp;<\/p>\n<p>&nbsp;<\/p>\n<p>&nbsp;<\/p>\n","protected":false},"featured_media":150441,"comment_status":"open","ping_status":"closed","template":"","meta":[],"_links":{"self":[{"href":"https:\/\/veramobilya.com.tr\/index.php\/wp-json\/wp\/v2\/product\/150440"}],"collection":[{"href":"https:\/\/veramobilya.com.tr\/index.php\/wp-json\/wp\/v2\/product"}],"about":[{"href":"https:\/\/veramobilya.com.tr\/index.php\/wp-json\/wp\/v2\/types\/product"}],"replies":[{"embeddable":true,"href":"https:\/\/veramobilya.com.tr\/index.php\/wp-json\/wp\/v2\/comments?post=150440"}],"wp:featuredmedia":[{"embeddable":true,"href":"https:\/\/veramobilya.com.tr\/index.php\/wp-json\/wp\/v2\/media\/150441"}],"wp:attachment":[{"href":"https:\/\/veramobilya.com.tr\/index.php\/wp-json\/wp\/v2\/media?parent=150440"}],"curies":[{"name":"wp","href":"https:\/\/api.w.org\/{rel}","templated":true}]}}