

{"id":150459,"date":"2023-06-01T16:21:13","date_gmt":"2023-06-01T13:21:13","guid":{"rendered":"https:\/\/veramobilya.com.tr\/?post_type=product&#038;p=150459"},"modified":"2025-06-24T15:58:10","modified_gmt":"2025-06-24T12:58:10","slug":"miranda-tv-unitesi","status":"publish","type":"product","link":"https:\/\/veramobilya.com.tr\/index.php\/urun\/miranda-tv-unitesi\/","title":{"rendered":"M\u0130RANDA TV \u00dcN\u0130TES\u0130"},"content":{"rendered":"","protected":false},"excerpt":{"rendered":"<p>TV \u00dcN\u0130TES\u0130 VE PANOSU<\/p>\n<p>&nbsp;<\/p>\n<p>&nbsp;<\/p>\n<p>&nbsp;<\/p>\n","protected":false},"featured_media":150460,"comment_status":"open","ping_status":"closed","template":"","meta":[],"_links":{"self":[{"href":"https:\/\/veramobilya.com.tr\/index.php\/wp-json\/wp\/v2\/product\/150459"}],"collection":[{"href":"https:\/\/veramobilya.com.tr\/index.php\/wp-json\/wp\/v2\/product"}],"about":[{"href":"https:\/\/veramobilya.com.tr\/index.php\/wp-json\/wp\/v2\/types\/product"}],"replies":[{"embeddable":true,"href":"https:\/\/veramobilya.com.tr\/index.php\/wp-json\/wp\/v2\/comments?post=150459"}],"wp:featuredmedia":[{"embeddable":true,"href":"https:\/\/veramobilya.com.tr\/index.php\/wp-json\/wp\/v2\/media\/150460"}],"wp:attachment":[{"href":"https:\/\/veramobilya.com.tr\/index.php\/wp-json\/wp\/v2\/media?parent=150459"}],"curies":[{"name":"wp","href":"https:\/\/api.w.org\/{rel}","templated":true}]}}