

{"id":150461,"date":"2023-06-01T16:23:24","date_gmt":"2023-06-01T13:23:24","guid":{"rendered":"https:\/\/veramobilya.com.tr\/?post_type=product&#038;p=150461"},"modified":"2025-06-24T15:54:42","modified_gmt":"2025-06-24T12:54:42","slug":"asus-tv-unitesi","status":"publish","type":"product","link":"https:\/\/veramobilya.com.tr\/index.php\/urun\/asus-tv-unitesi\/","title":{"rendered":"ASUS TV \u00dcN\u0130TES\u0130"},"content":{"rendered":"","protected":false},"excerpt":{"rendered":"<p>TV \u00dcN\u0130TES\u0130 VE PANOSU<\/p>\n<p>&nbsp;<\/p>\n<p>&nbsp;<\/p>\n<p>&nbsp;<\/p>\n","protected":false},"featured_media":150462,"comment_status":"open","ping_status":"closed","template":"","meta":[],"_links":{"self":[{"href":"https:\/\/veramobilya.com.tr\/index.php\/wp-json\/wp\/v2\/product\/150461"}],"collection":[{"href":"https:\/\/veramobilya.com.tr\/index.php\/wp-json\/wp\/v2\/product"}],"about":[{"href":"https:\/\/veramobilya.com.tr\/index.php\/wp-json\/wp\/v2\/types\/product"}],"replies":[{"embeddable":true,"href":"https:\/\/veramobilya.com.tr\/index.php\/wp-json\/wp\/v2\/comments?post=150461"}],"wp:featuredmedia":[{"embeddable":true,"href":"https:\/\/veramobilya.com.tr\/index.php\/wp-json\/wp\/v2\/media\/150462"}],"wp:attachment":[{"href":"https:\/\/veramobilya.com.tr\/index.php\/wp-json\/wp\/v2\/media?parent=150461"}],"curies":[{"name":"wp","href":"https:\/\/api.w.org\/{rel}","templated":true}]}}