

{"id":150500,"date":"2023-06-01T16:37:26","date_gmt":"2023-06-01T13:37:26","guid":{"rendered":"https:\/\/veramobilya.com.tr\/?post_type=product&#038;p=150500"},"modified":"2025-06-24T15:53:25","modified_gmt":"2025-06-24T12:53:25","slug":"eylul-kose-takimi","status":"publish","type":"product","link":"https:\/\/veramobilya.com.tr\/index.php\/urun\/eylul-kose-takimi\/","title":{"rendered":"EYL\u00dcL K\u00d6\u015eE TAKIMI"},"content":{"rendered":"","protected":false},"excerpt":{"rendered":"<p>KOLAY S\u0130L\u0130NEB\u0130L\u0130R LEKE TUTMAZ KUMA\u015e<\/p>\n<p>32 DNS GR\u0130 S\u00dcNGER<\/p>\n<p>FIRINLANMI\u015e G\u00dcRGEN \u0130SKELET<\/p>\n<p>\u0130STED\u0130\u011e\u0130N\u0130Z RENK SE\u00c7ENEKLER\u0130 MEVCUT.<\/p>\n","protected":false},"featured_media":150501,"comment_status":"open","ping_status":"closed","template":"","meta":[],"_links":{"self":[{"href":"https:\/\/veramobilya.com.tr\/index.php\/wp-json\/wp\/v2\/product\/150500"}],"collection":[{"href":"https:\/\/veramobilya.com.tr\/index.php\/wp-json\/wp\/v2\/product"}],"about":[{"href":"https:\/\/veramobilya.com.tr\/index.php\/wp-json\/wp\/v2\/types\/product"}],"replies":[{"embeddable":true,"href":"https:\/\/veramobilya.com.tr\/index.php\/wp-json\/wp\/v2\/comments?post=150500"}],"wp:featuredmedia":[{"embeddable":true,"href":"https:\/\/veramobilya.com.tr\/index.php\/wp-json\/wp\/v2\/media\/150501"}],"wp:attachment":[{"href":"https:\/\/veramobilya.com.tr\/index.php\/wp-json\/wp\/v2\/media?parent=150500"}],"curies":[{"name":"wp","href":"https:\/\/api.w.org\/{rel}","templated":true}]}}