

{"id":150514,"date":"2023-06-01T16:48:10","date_gmt":"2023-06-01T13:48:10","guid":{"rendered":"https:\/\/veramobilya.com.tr\/?post_type=product&#038;p=150514"},"modified":"2025-06-24T15:52:34","modified_gmt":"2025-06-24T12:52:34","slug":"ada-koltuk-takimi","status":"publish","type":"product","link":"https:\/\/veramobilya.com.tr\/index.php\/urun\/ada-koltuk-takimi\/","title":{"rendered":"ADA KOLTUK TAKIMI"},"content":{"rendered":"","protected":false},"excerpt":{"rendered":"<p>KOLAY S\u0130L\u0130NEB\u0130L\u0130R LEKE TUTMAZ KUMA\u015e<\/p>\n<p>32 DNS GR\u0130 S\u00dcNGER<\/p>\n<p>FIRINLANMI\u015e G\u00dcRGEN \u0130SKELET<\/p>\n<p>\u0130STED\u0130\u011e\u0130N\u0130Z RENK SE\u00c7ENEKLER\u0130 MEVCUT.<\/p>\n","protected":false},"featured_media":150515,"comment_status":"open","ping_status":"closed","template":"","meta":[],"_links":{"self":[{"href":"https:\/\/veramobilya.com.tr\/index.php\/wp-json\/wp\/v2\/product\/150514"}],"collection":[{"href":"https:\/\/veramobilya.com.tr\/index.php\/wp-json\/wp\/v2\/product"}],"about":[{"href":"https:\/\/veramobilya.com.tr\/index.php\/wp-json\/wp\/v2\/types\/product"}],"replies":[{"embeddable":true,"href":"https:\/\/veramobilya.com.tr\/index.php\/wp-json\/wp\/v2\/comments?post=150514"}],"wp:featuredmedia":[{"embeddable":true,"href":"https:\/\/veramobilya.com.tr\/index.php\/wp-json\/wp\/v2\/media\/150515"}],"wp:attachment":[{"href":"https:\/\/veramobilya.com.tr\/index.php\/wp-json\/wp\/v2\/media?parent=150514"}],"curies":[{"name":"wp","href":"https:\/\/api.w.org\/{rel}","templated":true}]}}