

{"id":150530,"date":"2025-06-24T14:22:50","date_gmt":"2025-06-24T11:22:50","guid":{"rendered":"https:\/\/veramobilya.com.tr\/?post_type=product&#038;p=150530"},"modified":"2025-06-24T14:28:30","modified_gmt":"2025-06-24T11:28:30","slug":"new-york-kose-takimi","status":"publish","type":"product","link":"https:\/\/veramobilya.com.tr\/index.php\/urun\/new-york-kose-takimi\/","title":{"rendered":"Ka\u015f K\u00f6\u015fe Tak\u0131m\u0131"},"content":{"rendered":"<div style=\"width: 640px;\" class=\"wp-video\"><!--[if lt IE 9]><script>document.createElement('video');<\/script><![endif]-->\n<video class=\"wp-video-shortcode\" id=\"video-150530-1\" width=\"640\" height=\"432\" preload=\"metadata\" controls=\"controls\"><source type=\"video\/mp4\" src=\"https:\/\/veramobilya.com.tr\/wp-content\/uploads\/2023\/06\/WhatsApp-Video-2025-02-24-saat-12.34.30_24259d07.mp4?_=1\" \/><a href=\"https:\/\/veramobilya.com.tr\/wp-content\/uploads\/2023\/06\/WhatsApp-Video-2025-02-24-saat-12.34.30_24259d07.mp4\">https:\/\/veramobilya.com.tr\/wp-content\/uploads\/2023\/06\/WhatsApp-Video-2025-02-24-saat-12.34.30_24259d07.mp4<\/a><\/video><\/div>\n","protected":false},"excerpt":{"rendered":"<p>KOLAY S\u0130L\u0130NEB\u0130L\u0130R LEKE TUTMAZ KUMA\u015e<\/p>\n<p>32 DNS GR\u0130 S\u00dcNGER<\/p>\n<p>PROF\u0130L \u0130SKELET<\/p>\n<p>\u0130STED\u0130\u011e\u0130N\u0130Z RENK SE\u00c7ENEKLER\u0130 MEVCUT.<\/p>\n","protected":false},"featured_media":150636,"comment_status":"open","ping_status":"closed","template":"","meta":[],"_links":{"self":[{"href":"https:\/\/veramobilya.com.tr\/index.php\/wp-json\/wp\/v2\/product\/150530"}],"collection":[{"href":"https:\/\/veramobilya.com.tr\/index.php\/wp-json\/wp\/v2\/product"}],"about":[{"href":"https:\/\/veramobilya.com.tr\/index.php\/wp-json\/wp\/v2\/types\/product"}],"replies":[{"embeddable":true,"href":"https:\/\/veramobilya.com.tr\/index.php\/wp-json\/wp\/v2\/comments?post=150530"}],"wp:featuredmedia":[{"embeddable":true,"href":"https:\/\/veramobilya.com.tr\/index.php\/wp-json\/wp\/v2\/media\/150636"}],"wp:attachment":[{"href":"https:\/\/veramobilya.com.tr\/index.php\/wp-json\/wp\/v2\/media?parent=150530"}],"curies":[{"name":"wp","href":"https:\/\/api.w.org\/{rel}","templated":true}]}}